{"id":485,"date":"2020-02-29T11:40:59","date_gmt":"2020-02-29T11:40:59","guid":{"rendered":"https:\/\/express-shuttle.ro\/cookies\/"},"modified":"2020-02-29T11:40:59","modified_gmt":"2020-02-29T11:40:59","slug":"cookies","status":"publish","type":"page","link":"https:\/\/express-shuttle.ro\/en\/cookies\/","title":{"rendered":"Cookies"},"content":{"rendered":"<section class=\"l-section wpb_row height_small\"><div class=\"l-section-h i-cf\"><div class=\"g-cols vc_row via_flex valign_top type_default stacking_default\"><div class=\"vc_col-sm-12 wpb_column vc_column_container\"><div class=\"vc_column-inner\"><div class=\"wpb_wrapper\"><h1 class=\"w-post-elm post_title align_left entry-title color_link_inherit\">Cookies<\/h1><div class=\"wpb_text_column\"><div class=\"wpb_wrapper\"><p>V\u0103 inform\u0103m c\u0103 saitul EXPRESS-SHUTTLE.RO (denumit \u00een continuare \u201dSAITUL CURENT\u201d sau \u201dACEST SAIT\u201d sau \u201dSAITUL NOSTRU\u201d)\u00a0 folose\u0219te module cookie pentru a oferi servicii mai bune utilizatorilor \u0219i vizitatorilor s\u0103i.<\/p>\n<h3>Defini\u021bia modulelor cookie<\/h3>\n<p>Cookie-urile sunt fi\u0219iere create de saiturile web accesate, care stocheaz\u0103 informa\u021bii de navigare. Aceast\u0103 tehnologie de stocare automat\u0103 a datelor este foarte raspandit\u0103 \u0219i se folose\u0219te pentru a colecta informa\u021bii precum tipul de browser \u0219i sistemul de operare, pagina surs\u0103, denumirea domeniului din care vizitatorul s-a conectat la saitul curent cu scopul de a pre\u00eentampina nevoile utilizatorilor, \u00een\u021beleg\u00e2nd cum ace\u0219tia folosesc pagina web. &#8220;Cookies&#8221; ne ajuta sa adapt\u0103m con\u021binutul website-ului \u00een func\u021bie de preferin\u021bele dumneavoastr\u0103, \u00eembun\u0103t\u0103\u021bind astfel calitatea serviciilor noastre \u0219i dezvoltarea altora noi.<\/p>\n<p>Un cookie\u00a0<a href=\"http:\/\/ro.wikipedia.org\/wiki\/HTTP\" target=\"_blank\" rel=\"noopener noreferrer\">HTTP<\/a>\u00a0sau un modul cookie este un text special, deseori codificat, trimis de un server unui navigator web \u0219i apoi trimis \u00eenapoi (nemodificat) de c\u0103tre navigator, de fiecare dat\u0103 c\u00e2nd acceseaz\u0103 acel server. Pe site-ul curent, cookie-urile sunt folosite pentru urm\u0103rirea comportamentului utilizatorilor. Pentru mai multe detalii, v\u0103 invit\u0103m s\u0103 accesa\u021bi:\u00a0<a href=\"http:\/\/ro.wikipedia.org\/wiki\/Cookie\">http:\/\/ro.wikipedia.org\/wiki\/Cookie.<\/a><\/p>\n<h3>Rolul modulelor cookie<\/h3>\n<p>Noi folosim cookie-uri pentru a v\u0103 oferi un sait web u\u0219or de utilizat, sigur \u0219i eficient care s\u0103 prezinte un con\u021binut mai util, personalizat. Cookie-urile pe care le folosim sunt cookie-uri pentru monitorizarea performan\u021bei saitului nostru \u0219i cookie-uri de tracking, pentru a ne asigura c\u0103 beneficia\u021bi de cea mai bun\u0103 experien\u021b\u0103 online.<\/p>\n<p>Stocarea de cookies pe calculatorul dumneavoastr\u0103 ne ofer\u0103 o modalitate u\u0219oara \u0219i convenabil\u0103 pentru a personaliza sau a \u00eembun\u0103t\u0103\u021bi experien\u021ba dumneavoastr\u0103 pe saiturile noastre \u0219i pentru a face urmatoarea vizit\u0103 mai pl\u0103cut\u0103. Prin folosirea acestora se poate face leg\u0103tura \u00eentre informa\u021biile con\u021binute \u00eentr-un cookie \u0219i informa\u021biile dumneavoastr\u0103 cu caracter personal colectate prin alte mijloace (de exemplu, formularele de \u00eenregistrare).<\/p>\n<p>De asemenea, folosim cookie-uri pentru preferin\u021bele dvs, pentru a v\u0103 ar\u0103ta pagina corecta \u00een func\u021bie de \u021bara din care proveni\u021bi \u0219i \u021binem minte aceste set\u0103ri pentru data viitoare c\u00e2nd vizita\u0219i acest sait. Cookie-urile tehnice sunt strict necesare pentru ca site-ul nostru s\u0103 func\u021bioneze corect. Acestea se folosesc pentru a \u021bine minte c\u00e2mpurile pe care le complet\u0103\u021bi \u00eentr-un formular. Dac\u0103 ve\u021bi continua s\u0103 folosi\u021bi saitul nostru, sunte\u021bi de acord cu acestea. Pute\u021bi modifica set\u0103rile oric\u00e2nd \u00een func\u021bie de browserul dumneavoastr\u0103.<\/p>\n<h3>Informa\u021bii accesate cu ajutorul modulelor cookie<\/h3>\n<p>Modulele cookies sunt p\u0103strate \u00een memoria browser-ului \u0219i con\u021bin informa\u021bii precum: numele serverului de la care modulul cookie a fost trimis, durata de p\u0103strare a modulului cookie, o valoare &#8211; de regul\u0103, un num\u0103r unic generat aleatoriu. Fi\u0219ierele cookies nu permit identificarea dumneavoastr\u0103 personal\u0103.<\/p>\n<h3>Cookie-uri folosite de saitul nostru<\/h3>\n<p><strong>Cookie-uri third party:<\/strong><\/p>\n<ul>\n<li>cookieconsent_status &#8211; folosit pentru acceptarea politicii cookie<\/li>\n<li>ga, gat, gid &#8211; folosite de catre Google Analytics pentru monitorizarea traficului<\/li>\n<\/ul>\n<p>Dac\u0103 ve\u021bi continua, sunte\u021bi de acord cu acestea. Pute\u021bi modifica set\u0103rile oric\u00e2nd in functie de browserul dumneavoastr\u0103.<\/p>\n<h3>Gestionarea modulelor cookie<\/h3>\n<p>Toate browserele moderne ofer\u0103 posibilitatea de a schimba set\u0103rile cookie-urilor. Acestea se g\u0103sesc de regula \u00een \u201cop\u021biuni\u201d sau \u00een meniul de \u201cpreferin\u021be\u201d al browserului.\u00a0 Este posibil\u0103 setarea din browser pentru ca aceste cookie-uri s\u0103 nu mai fie acceptate, sau browserul poate fi setat s\u0103 accepte cookie-uri doar de la un site anume.<\/p>\n<p>Pute\u021bi \u00een orice moment modifica set\u0103rile dumneavoastr\u0103 cookie (de exemplu, s\u0103 fi\u021bi alerta\u021bi atunci c\u00e2nd cookie-urile sunt trimise catre computerul dumneavoastr\u0103). Afla\u021bi cum f\u0103c\u00e2nd clic pe una dintre leg\u0103turile de mai jos, aferent\u0103 browserului pe care \u00eel utiliza\u021bi:<\/p>\n<ul>\n<li><a href=\"https:\/\/support.mozilla.org\/ro\/kb\/activarea-si-dezactivarea-cookie-urilor\">Mozilla Firefox<\/a><\/li>\n<li><a href=\"https:\/\/support.google.com\/accounts\/answer\/61416?hl=ro\">Google Chrome<\/a><\/li>\n<li><a href=\"http:\/\/windows.microsoft.com\/ro-ro\/windows-vista\/block-or-allow-cookies\">Internet Explorer<\/a><\/li>\n<\/ul>\n<h3>Refuz utilizare\u00a0cookie<\/h3>\n<p>Nu este necesar s\u0103 utiliza\u021bi cookie-urile pentru a folosi saiturile noastre, cu toate c\u0103 exist\u0103 posibilitatea s\u0103 nu ave\u021bi acces la toate func\u021biile disponibile.<\/p>\n<p><strong>Actualiz\u0103ri<\/strong><\/p>\n<p>Aceste site este proprietatea EXPRESS SHUTTLE SRL. Ne rezerv\u0103m dreptul de a face orice complet\u0103ri sau modific\u0103ri f\u0103r\u0103 anun\u021buri \u00een prealabil.<\/p>\n<\/div><\/div><\/div><\/div><\/div><\/div><\/div><\/section>\n","protected":false},"excerpt":{"rendered":"CookiesV\u0103 inform\u0103m c\u0103 saitul EXPRESS-SHUTTLE.RO (denumit \u00een continuare \u201dSAITUL CURENT\u201d sau \u201dACEST SAIT\u201d sau \u201dSAITUL NOSTRU\u201d)\u00a0 folose\u0219te module cookie pentru a oferi servicii mai bune utilizatorilor \u0219i vizitatorilor s\u0103i. Defini\u021bia modulelor cookie Cookie-urile sunt fi\u0219iere create de saiturile web accesate, care stocheaz\u0103 informa\u021bii de navigare. Aceast\u0103 tehnologie de stocare automat\u0103 a datelor este foarte raspandit\u0103...","protected":false},"author":1,"featured_media":0,"parent":0,"menu_order":0,"comment_status":"closed","ping_status":"closed","template":"","meta":{"footnotes":"","_wp_rev_ctl_limit":""},"class_list":["post-485","page","type-page","status-publish","hentry"],"yoast_head":"<!-- This site is optimized with the Yoast SEO plugin v27.1.1 - https:\/\/yoast.com\/product\/yoast-seo-wordpress\/ -->\n<title>Cookies - Express Shuttle Romania<\/title>\n<meta name=\"robots\" content=\"index, follow, max-snippet:-1, max-image-preview:large, max-video-preview:-1\" \/>\n<link rel=\"canonical\" href=\"https:\/\/express-shuttle.ro\/en\/cookies\/\" \/>\n<meta property=\"og:locale\" content=\"en_US\" \/>\n<meta property=\"og:type\" content=\"article\" \/>\n<meta property=\"og:title\" content=\"Cookies - Express Shuttle Romania\" \/>\n<meta property=\"og:url\" content=\"https:\/\/express-shuttle.ro\/en\/cookies\/\" \/>\n<meta property=\"og:site_name\" content=\"Express Shuttle Romania\" \/>\n<meta name=\"twitter:card\" content=\"summary_large_image\" \/>\n<meta name=\"twitter:label1\" content=\"Est. reading time\" \/>\n\t<meta name=\"twitter:data1\" content=\"4 minutes\" \/>\n<script type=\"application\/ld+json\" class=\"yoast-schema-graph\">{\"@context\":\"https:\/\/schema.org\",\"@graph\":[{\"@type\":\"WebPage\",\"@id\":\"https:\/\/express-shuttle.ro\/en\/cookies\/\",\"url\":\"https:\/\/express-shuttle.ro\/en\/cookies\/\",\"name\":\"Cookies - Express Shuttle Romania\",\"isPartOf\":{\"@id\":\"https:\/\/express-shuttle.ro\/en\/#website\"},\"datePublished\":\"2020-02-29T11:40:59+00:00\",\"breadcrumb\":{\"@id\":\"https:\/\/express-shuttle.ro\/en\/cookies\/#breadcrumb\"},\"inLanguage\":\"en-US\",\"potentialAction\":[{\"@type\":\"ReadAction\",\"target\":[\"https:\/\/express-shuttle.ro\/en\/cookies\/\"]}]},{\"@type\":\"BreadcrumbList\",\"@id\":\"https:\/\/express-shuttle.ro\/en\/cookies\/#breadcrumb\",\"itemListElement\":[{\"@type\":\"ListItem\",\"position\":1,\"name\":\"Home\",\"item\":\"https:\/\/express-shuttle.ro\/en\/\"},{\"@type\":\"ListItem\",\"position\":2,\"name\":\"Cookies\"}]},{\"@type\":\"WebSite\",\"@id\":\"https:\/\/express-shuttle.ro\/en\/#website\",\"url\":\"https:\/\/express-shuttle.ro\/en\/\",\"name\":\"Express Shuttle\",\"description\":\"Luxury car rental with driver\",\"publisher\":{\"@id\":\"https:\/\/express-shuttle.ro\/en\/#organization\"},\"potentialAction\":[{\"@type\":\"SearchAction\",\"target\":{\"@type\":\"EntryPoint\",\"urlTemplate\":\"https:\/\/express-shuttle.ro\/en\/?s={search_term_string}\"},\"query-input\":{\"@type\":\"PropertyValueSpecification\",\"valueRequired\":true,\"valueName\":\"search_term_string\"}}],\"inLanguage\":\"en-US\"},{\"@type\":\"Organization\",\"@id\":\"https:\/\/express-shuttle.ro\/en\/#organization\",\"name\":\"Express Shuttle\",\"url\":\"https:\/\/express-shuttle.ro\/en\/\",\"logo\":{\"@type\":\"ImageObject\",\"inLanguage\":\"en-US\",\"@id\":\"https:\/\/express-shuttle.ro\/en\/#\/schema\/logo\/image\/\",\"url\":\"https:\/\/express-shuttle.ro\/wp-content\/uploads\/2020\/03\/logo-express-shuttle.png\",\"contentUrl\":\"https:\/\/express-shuttle.ro\/wp-content\/uploads\/2020\/03\/logo-express-shuttle.png\",\"width\":129,\"height\":56,\"caption\":\"Express Shuttle\"},\"image\":{\"@id\":\"https:\/\/express-shuttle.ro\/en\/#\/schema\/logo\/image\/\"}}]}<\/script>\n<!-- \/ Yoast SEO plugin. -->","yoast_head_json":{"title":"Cookies - Express Shuttle Romania","robots":{"index":"index","follow":"follow","max-snippet":"max-snippet:-1","max-image-preview":"max-image-preview:large","max-video-preview":"max-video-preview:-1"},"canonical":"https:\/\/express-shuttle.ro\/en\/cookies\/","og_locale":"en_US","og_type":"article","og_title":"Cookies - Express Shuttle Romania","og_url":"https:\/\/express-shuttle.ro\/en\/cookies\/","og_site_name":"Express Shuttle Romania","twitter_card":"summary_large_image","twitter_misc":{"Est. reading time":"4 minutes"},"schema":{"@context":"https:\/\/schema.org","@graph":[{"@type":"WebPage","@id":"https:\/\/express-shuttle.ro\/en\/cookies\/","url":"https:\/\/express-shuttle.ro\/en\/cookies\/","name":"Cookies - Express Shuttle Romania","isPartOf":{"@id":"https:\/\/express-shuttle.ro\/en\/#website"},"datePublished":"2020-02-29T11:40:59+00:00","breadcrumb":{"@id":"https:\/\/express-shuttle.ro\/en\/cookies\/#breadcrumb"},"inLanguage":"en-US","potentialAction":[{"@type":"ReadAction","target":["https:\/\/express-shuttle.ro\/en\/cookies\/"]}]},{"@type":"BreadcrumbList","@id":"https:\/\/express-shuttle.ro\/en\/cookies\/#breadcrumb","itemListElement":[{"@type":"ListItem","position":1,"name":"Home","item":"https:\/\/express-shuttle.ro\/en\/"},{"@type":"ListItem","position":2,"name":"Cookies"}]},{"@type":"WebSite","@id":"https:\/\/express-shuttle.ro\/en\/#website","url":"https:\/\/express-shuttle.ro\/en\/","name":"Express Shuttle","description":"Luxury car rental with driver","publisher":{"@id":"https:\/\/express-shuttle.ro\/en\/#organization"},"potentialAction":[{"@type":"SearchAction","target":{"@type":"EntryPoint","urlTemplate":"https:\/\/express-shuttle.ro\/en\/?s={search_term_string}"},"query-input":{"@type":"PropertyValueSpecification","valueRequired":true,"valueName":"search_term_string"}}],"inLanguage":"en-US"},{"@type":"Organization","@id":"https:\/\/express-shuttle.ro\/en\/#organization","name":"Express Shuttle","url":"https:\/\/express-shuttle.ro\/en\/","logo":{"@type":"ImageObject","inLanguage":"en-US","@id":"https:\/\/express-shuttle.ro\/en\/#\/schema\/logo\/image\/","url":"https:\/\/express-shuttle.ro\/wp-content\/uploads\/2020\/03\/logo-express-shuttle.png","contentUrl":"https:\/\/express-shuttle.ro\/wp-content\/uploads\/2020\/03\/logo-express-shuttle.png","width":129,"height":56,"caption":"Express Shuttle"},"image":{"@id":"https:\/\/express-shuttle.ro\/en\/#\/schema\/logo\/image\/"}}]}},"_links":{"self":[{"href":"https:\/\/express-shuttle.ro\/en\/wp-json\/wp\/v2\/pages\/485","targetHints":{"allow":["GET"]}}],"collection":[{"href":"https:\/\/express-shuttle.ro\/en\/wp-json\/wp\/v2\/pages"}],"about":[{"href":"https:\/\/express-shuttle.ro\/en\/wp-json\/wp\/v2\/types\/page"}],"author":[{"embeddable":true,"href":"https:\/\/express-shuttle.ro\/en\/wp-json\/wp\/v2\/users\/1"}],"replies":[{"embeddable":true,"href":"https:\/\/express-shuttle.ro\/en\/wp-json\/wp\/v2\/comments?post=485"}],"version-history":[{"count":0,"href":"https:\/\/express-shuttle.ro\/en\/wp-json\/wp\/v2\/pages\/485\/revisions"}],"wp:attachment":[{"href":"https:\/\/express-shuttle.ro\/en\/wp-json\/wp\/v2\/media?parent=485"}],"curies":[{"name":"wp","href":"https:\/\/api.w.org\/{rel}","templated":true}]}}