{"id":484,"date":"2020-02-29T11:40:59","date_gmt":"2020-02-29T11:40:59","guid":{"rendered":"https:\/\/express-shuttle.ro\/termeni-si-conditii\/"},"modified":"2025-03-15T05:03:35","modified_gmt":"2025-03-15T07:03:35","slug":"terms-of-use","status":"publish","type":"page","link":"https:\/\/express-shuttle.ro\/en\/terms-of-use\/","title":{"rendered":"Terms of use"},"content":{"rendered":"<section class=\"l-section wpb_row height_small\"><div class=\"l-section-h i-cf\"><div class=\"g-cols vc_row via_flex valign_top type_default stacking_default\"><div class=\"vc_col-sm-12 wpb_column vc_column_container\"><div class=\"vc_column-inner\"><div class=\"wpb_wrapper\"><h1 class=\"w-post-elm post_title align_left entry-title color_link_inherit\">Terms of use<\/h1><div class=\"wpb_text_column\"><div class=\"wpb_wrapper\"><h3>1. Introducere<\/h3>\n<p>Prezentul document define\u0219te condi\u021biile generale de utilizare a saitului EXPRESS-SHUTTLE.RO, denumit \u00een continuare saitul, de c\u0103tre vizitatorii acestuia. Acces\u00e2nd \u0219i navig\u00e2nd pe acest sait, accepta\u021bi, de facto, termenii de utilizare descri\u0219i \u00een continuare. \u00cen cazul \u00een care nu sunte\u021bi de acord cu prezenta not\u0103, v\u0103 rug\u0103m s\u0103 p\u0103r\u0103si\u021bi acest sait.<\/p>\n<h3>2. Neangajarea r\u0103spunderii<\/h3>\n<p>Con\u021binutul informa\u021biilor se refer\u0103 la descrierea \u00eentr-un anumit grad de detaliere a activit\u0103\u021bilor, produselor \u0219i serviciilor EXPRESS SHUTTLE SRL (denumit\u0103 in continuare EXPRESS SHUTTLE) av\\xc3\\xa2nd codul fiscal RO38363208 \\xc8\\x99i Nr. \\xc3\\x8enreg. Reg. Com. J40\/1825\/2020. Prin urmare, EXPRESS SHUTTLE nu va acorda nicio garan\u021bie referitoare la:<\/p>\n<ul>\n<li>utilizarea anevoioas\u0103 sau \u00eentreruperea \u00een utilizarea saitului,<\/li>\n<li>afectarea \u00een sens negativ a altor sisteme prin utilizarea saitului.<\/li>\n<\/ul>\n<p>Astfel, EXPRESS SHUTTLE nu poate fi responsabil\u0103 pentru niciun fel de daune directe sau indirecte produse prin utilizarea saitului s\u0103u.<\/p>\n<h3>2. Marca \u0219i dreptul de autor<\/h3>\n<p>Dreptul de autor pentru toate informa\u021biile existente pe acest sait este de\u021binut de EXPRESS SHUTTLE sau de afilia\u021bii s\u0103i. La copierea materialelor de pe acest sait este obligatorie p\u0103strarea unei referin\u021be (leg\u0103tur\u0103 \u00eenapoi cu rel=follow) c\u0103tre acest sait. Nici un material de pe acest site nu poate fi reprodus par\u021bial, integral sau modificat omi\u021b\u00e2nd referin\u021ba f\u0103r\u0103 acordul expres, exprimat \u00een scris, al EXPRESS SHUTTLE ori de titularul acestui drept. Toate drepturile sunt rezervate EXPRESS SHUTTLE. Este strict interzis\u0103 folosirea acestui sait \u00een scopul distrugerii sau alter\u0103rii lui, a con\u021binutului sau a securit\u0103\u021bii acestuia ori pentru discreditarea sau h\u0103r\u021buirea EXPRESS SHUTTLE sau a afilia\u021bilor s\u0103i. EXPRESS SHUTTLE va aplica toate m\u0103surile de securitate tehnic\u0103 \u0219i organizatoric\u0103 pentru protejarea datelor asupra c\u0103rora de\u021bine controlul \u00eempotriva oric\u0103rei situa\u021bii de manipulare accidental\u0103 sau inten\u021bionat\u0103, pierdere, distrugere sau \u00eempotriva accesului unei persoane neautorizate.<\/p>\n<h3>3. Obiectivul con\u021binutului acestui sait<\/h3>\n<p>Obiectivul con\u021binutului acestui sait este de a pune la dispozi\u021bia utilizatorilor s\u0103i mijloacele necesare \u00een\u021belegerii produselor, serviciilor \u0219i informa\u021biilor despre companie, a comunicatelor de pres\u0103, a \u0219tirilor, a datelor de contact \u0219i a altor aspecte considerate importante de c\u0103tre de\u021bin\u0103tor. \u00cen plus, proprietarul saitului poate oferi \u0219i instrumente prin care utilizatorii pot achizi\u021biona produse pe de acest sait, caz \u00een care acest document va fi extins prin pagini suplimentare care con\u021bin detalii despre livrarea, garan\u021bia, returul, comanda \u0219i plata acestor produse\/servicii. EXPRESS SHUTTLE nu poate garanta \u00eens\u0103, ca prezentele pagini nu con\u021bin erori \u0219i asigur\u0103 c\u0103 depune toate diligen\u021bele pentru realizarea unei inform\u0103ri corecte \u0219i remedierea eventualelor erori. Orice persoan\u0103 care dore\u0219te s\u0103-\u0219i procure unul din serviciile sau produsele prezentate \u00een acest sait este rugat\u0103 s\u0103 contacteze EXPRESS SHUTTLE printr-unul din mijloacele de contact prezente pe acest sait, pentru a se informa at\u00e2t asupra disponibilit\u0103\u021bii serviciului sau produsului \u00een cauz\u0103 c\u00e2t \u0219i asupra condi\u021biilor contractuale, taxelor, tarifelor \u0219i informa\u021biilor tehnice sau de alt\u0103 natur\u0103.<\/p>\n<h3>4. Confiden\u021bialitate<\/h3>\n<p>Protec\u021bia informa\u021biilor in cursul proces\u0103rii datelor dumneavoastr\u0103 personale este o preocupare major\u0103 a EXPRESS SHUTTLE de aceea toate datele colectate \u00een cursul vizitelor pe saitul nostru sunt procesate conform prevederilor legale valabile \u00een \u021bara \u00een care este \u00eentre\u021binut acest site, respectiv Rom\u00e2nia. Saitul nostru web poate include leg\u0103turi c\u0103tre alte saituri ale c\u0103ror con\u021binut nu se afl\u0103 sub controlul nostru, motiv pentru care EXPRESS SHUTTLE nu \u00ee\u0219i poate asuma \u0219i nu poate accepta niciun fel de responsabilitate pentru con\u021binutul acestor saituri web.<br \/>\nEXPRESS SHUTTLE se angajeaz\u0103 s\u0103 nu dezv\u0103luie nicio informa\u021bie cu privire la vizitele dumneavoastr\u0103 pe acest site, except\u00e2nd situa\u021biile legale. EXPRESS SHUTTLE nu va transmite niciunui ter\u021b datele dumneavoastr\u0103 personale introduse de dumneavoastr\u0103 pe saitul EXPRESS-SHUTTLE.RO conform prezentului document.<\/p>\n<h3>5. Colectarea \u0219i procesarea datelor cu caracter personal<\/h3>\n<p>\u00cencep\u00e2nd cu data de 25.05.2018 au intrat \u00een vigoare dispozi\u021biile <a href=\"https:\/\/eur-lex.europa.eu\/legal-content\/RO\/TXT\/?uri=CELEX%3A32016R0679\" target=\"_blank\" rel=\"noopener noreferrer\">Regulamentului UE 2016\/679<\/a> privind protec\u021bia general\u0103 a datelor cu caracter personal, care ofer\u0103 acum un plus de securitate \u0219i protec\u021bie pentru datele dumneavoastr\u0103 personale. EXPRESS SHUTTLE solicit\u0103 acordul dumneavoastr\u0103, astfel \u00eenc\u00e2t prevederile Regulamentul UE 2016\/679 s\u0103 poat\u0103 fi transpuse in rela\u021bia dintre p\u0103r\u021bi.<\/p>\n<p>Pentru o informare corect[] \u0219i complet\u0103 a dumneavoastr\u0103 \u0219i a \u00een\u021belegerii pe deplin a drepturilor pe care le ave\u021bi \u00een privin\u021ba prelucr\u0103rii datelor cu caracter personal furnizate, v\u0103 rugam s\u0103 consulta\u021bi pagina <em>Protec\u021bia datelor<\/em> din cadrul acestui sait.<br \/>\nToate datele cu caracter personal colectate prin intermediul platformei online vor fi stocate \u0219i prelucrate \u00een scopul declarat p\u00e2n\u0103 la o manifestare expres\u0103 de voin\u021b\u0103 \u0219i contrar\u0103 consim\u021b\u0103m\u00e2ntului acordat de c\u0103tre utilizator la \u00eencheierea prezentului contract.<br \/>\nEXPRESS SHUTTLE ofer\u0103 utilizatorilor s\u0103i informa\u021biile necesare privind prelucrarea datelor \u00een conformitate cu art. 13 \u0219i 14 din Regulamentul general privind protec\u021bia datelor.<br \/>\nEXPRESS SHUTTLE solicit\u0103 consim\u021b\u0103m\u00e2ntul explicit pentru a v\u0103 contacta \u00een scopuri informative \u0219i \u00een scopuri de comunicare financiar\u0103 \u0219i comercial\u0103 (facturi proforme, comenzi realizate, inform\u0103ri asupra transportului pentru produsele comandate etc).<\/p>\n<h3>6. Informa\u021bii pentru utilizatori (vizitatori)<\/h3>\n<p>Ca utilizator (vizitator) ave\u021bi urm\u0103toarele responsabilit\u0103\u021bi:<\/p>\n<ul>\n<li>s\u0103 furniza\u021bi date adev\u0103rate, exacte \u0219i complete despre dumneavoastr\u0103, a\u0219a cum este cerut de formularele din acest sait, dac\u0103 dori\u021bi s\u0103 accesa\u021bi serviciile sau facilit\u0103\u021bile pe care acestea le ofer\u0103;<\/li>\n<li>s\u0103 men\u021bine\u021bi \u0219i \u00eennoi\u021bi, atunci c\u00e2nd situa\u021bia cere, aceste date pentru a fi adev\u0103rate, exacte \u0219i complete.<\/li>\n<\/ul>\n<p>Totodata v\u0103 asuma\u021bi obligativitatea de a nu face urm\u0103toarele:<\/p>\n<ul>\n<li>s\u0103 publica\u021bi materiale care con\u021bin viru\u0219i sau alte programe cu inten\u021bia de a distruge acest sistem c\u00e2t \u0219i orice sistem sau informa\u021bie;<\/li>\n<li>s\u0103 publica\u021bi materiale cu drept de autor, dac\u0103 nu sunte\u021bi autorul sau dac\u0103 nu ave\u021bi permisiunea autorului de a publica materialele respective;<\/li>\n<li>s\u0103 publica\u021bi materiale obscene, def\u0103im\u0103toare, de amenin\u021bare sau r\u0103uvoitoare fa\u021b\u0103 de un alt utilizator, persoan\u0103 fizic\u0103 sau juridic\u0103, materiale ori informa\u021bii prohibite de prevederile legale \u00een vigoare;<\/li>\n<li>s\u0103 publica\u021bi o imagine sau o afirma\u021bie care contravine normelor legale \u00een vigoare incidente.<\/li>\n<\/ul>\n<p>\u00cen caz de nerespectare a acestor condi\u021bii, EXPRESS SHUTTLE \u0219i afilia\u021bii s\u0103i se disociaz\u0103 de autorul acestora, va \u0219terge informa\u021biile respective \u0219i \u00ee\u0219i rezerv\u0103 dreptul de a ac\u021biona pe cale legal\u0103, dac\u0103 consider\u0103 necesar.<\/p>\n<h3>7. Informa\u021biile oferite prin intermediul saitului<\/h3>\n<p>Orice persoan\u0103 care viziteaz\u0103 saitul \u0219i care ofer\u0103 date sau informa\u021bii cu caracter personal prin intermediul s\u0103u \u0219i bifeaz\u0103 c\u0103 este de acord cu prelucrarea datelor, \u00ee\u0219i manifest\u0103 acordul \u00een mod expres \u0219i neechivoc pentru urm\u0103toarele:<\/p>\n<ul>\n<li>prelucrarea acestor date \u0219i informa\u021bii personale de c\u0103tre EXPRESS SHUTTLE \u00een vederea proces\u0103rii solicitate \u0219i de studii de pia\u021b\u0103;<\/li>\n<li>solu\u021bionarea de c\u0103tre EXPRESS SHUTTLE a cererilor, \u00eentreb\u0103rilor \u0219i reclama\u021biilor adresate (a se vedea pagina \u201eContact\u201d din site);<\/li>\n<li>alte activit\u0103\u021bi \u00eentreprinse de EXPRESS SHUTTLE \u0219i permise de lege, ce nu fac obiectul unei aprob\u0103ri din partea destinatarului.<\/li>\n<p>EXPRESS SHUTTLE va p\u0103stra confiden\u021bialitatea acestor informa\u021bii, conform <em>Politicii de Protec\u021bia Datelor<\/em>.<\/li>\n<\/ul>\n<h3>8. Modific\u0103ri ale acestui document<\/h3>\n<p>Modific\u0103ri ale prezentului document ce vor ap\u0103rea pe parcurs vor fi publicate \u00een aceast\u0103 pagin\u0103 web f\u0103r\u0103 a v\u0103 informa anterior. \u201eTermenii \u0219i Condi\u021biile\u201d constituie, \u00een \u00eentregime, un acord \u00eencheiat \u00eentre dumneavoastr\u0103 \u0219i EXPRESS SHUTTLE \u00een privin\u021ba utiliz\u0103rii saitului EXPRESS-SHUTTLE.RO. EXPRESS SHUTTLE \u00ee\u0219i rezerv\u0103 dreptul de a revizui \u0219i aduce la zi aceste reguli \u00een orice moment, f\u0103r\u0103 un anun\u021b sau o acceptare prealabil\u0103 a utilizatorilor.<br \/>\nDac\u0103 ave\u021bi \u00eentreb\u0103ri cu privire la informa\u021biile cuprinse \u00een aceast\u0103 pagin\u0103 v\u0103 rug\u0103m s\u0103 ne scrie\u021bi la adresa CONTACT@EXPRESS-SHUTTLE.RO.<\/p>\n<p>Copyright EXPRESS SHUTTLE. Toate drepturile rezervate.<\/p>\n<\/div><\/div><\/div><\/div><\/div><\/div><\/div><\/section>\n","protected":false},"excerpt":{"rendered":"Terms of use 1. Introducere Prezentul document define\u0219te condi\u021biile generale de utilizare a saitului EXPRESS-SHUTTLE.RO, denumit \u00een continuare saitul, de c\u0103tre vizitatorii acestuia. Acces\u00e2nd \u0219i navig\u00e2nd pe acest sait, accepta\u021bi, de facto, termenii de utilizare descri\u0219i \u00een continuare. \u00cen cazul \u00een care nu sunte\u021bi de acord cu prezenta not\u0103, v\u0103 rug\u0103m s\u0103 p\u0103r\u0103si\u021bi acest sait....","protected":false},"author":1,"featured_media":0,"parent":0,"menu_order":0,"comment_status":"closed","ping_status":"closed","template":"","meta":{"footnotes":"","_wp_rev_ctl_limit":""},"class_list":["post-484","page","type-page","status-publish","hentry"],"yoast_head":"<!-- This site is optimized with the Yoast SEO plugin v27.1.1 - https:\/\/yoast.com\/product\/yoast-seo-wordpress\/ -->\n<title>Terms of use - Express Shuttle Romania<\/title>\n<meta name=\"robots\" content=\"index, follow, max-snippet:-1, max-image-preview:large, max-video-preview:-1\" \/>\n<link rel=\"canonical\" href=\"https:\/\/express-shuttle.ro\/en\/terms-of-use\/\" \/>\n<meta property=\"og:locale\" content=\"en_US\" \/>\n<meta property=\"og:type\" content=\"article\" \/>\n<meta property=\"og:title\" content=\"Terms of use - Express Shuttle Romania\" \/>\n<meta property=\"og:url\" content=\"https:\/\/express-shuttle.ro\/en\/terms-of-use\/\" \/>\n<meta property=\"og:site_name\" content=\"Express Shuttle Romania\" \/>\n<meta property=\"article:modified_time\" content=\"2025-03-15T07:03:35+00:00\" \/>\n<meta name=\"twitter:card\" content=\"summary_large_image\" \/>\n<meta name=\"twitter:label1\" content=\"Est. reading time\" \/>\n\t<meta name=\"twitter:data1\" content=\"7 minutes\" \/>\n<script type=\"application\/ld+json\" class=\"yoast-schema-graph\">{\"@context\":\"https:\/\/schema.org\",\"@graph\":[{\"@type\":\"WebPage\",\"@id\":\"https:\/\/express-shuttle.ro\/en\/terms-of-use\/\",\"url\":\"https:\/\/express-shuttle.ro\/en\/terms-of-use\/\",\"name\":\"Terms of use - Express Shuttle Romania\",\"isPartOf\":{\"@id\":\"https:\/\/express-shuttle.ro\/en\/#website\"},\"datePublished\":\"2020-02-29T11:40:59+00:00\",\"dateModified\":\"2025-03-15T07:03:35+00:00\",\"breadcrumb\":{\"@id\":\"https:\/\/express-shuttle.ro\/en\/terms-of-use\/#breadcrumb\"},\"inLanguage\":\"en-US\",\"potentialAction\":[{\"@type\":\"ReadAction\",\"target\":[\"https:\/\/express-shuttle.ro\/en\/terms-of-use\/\"]}]},{\"@type\":\"BreadcrumbList\",\"@id\":\"https:\/\/express-shuttle.ro\/en\/terms-of-use\/#breadcrumb\",\"itemListElement\":[{\"@type\":\"ListItem\",\"position\":1,\"name\":\"Home\",\"item\":\"https:\/\/express-shuttle.ro\/en\/\"},{\"@type\":\"ListItem\",\"position\":2,\"name\":\"Terms of use\"}]},{\"@type\":\"WebSite\",\"@id\":\"https:\/\/express-shuttle.ro\/en\/#website\",\"url\":\"https:\/\/express-shuttle.ro\/en\/\",\"name\":\"Express Shuttle\",\"description\":\"Luxury car rental with driver\",\"publisher\":{\"@id\":\"https:\/\/express-shuttle.ro\/en\/#organization\"},\"potentialAction\":[{\"@type\":\"SearchAction\",\"target\":{\"@type\":\"EntryPoint\",\"urlTemplate\":\"https:\/\/express-shuttle.ro\/en\/?s={search_term_string}\"},\"query-input\":{\"@type\":\"PropertyValueSpecification\",\"valueRequired\":true,\"valueName\":\"search_term_string\"}}],\"inLanguage\":\"en-US\"},{\"@type\":\"Organization\",\"@id\":\"https:\/\/express-shuttle.ro\/en\/#organization\",\"name\":\"Express Shuttle\",\"url\":\"https:\/\/express-shuttle.ro\/en\/\",\"logo\":{\"@type\":\"ImageObject\",\"inLanguage\":\"en-US\",\"@id\":\"https:\/\/express-shuttle.ro\/en\/#\/schema\/logo\/image\/\",\"url\":\"https:\/\/express-shuttle.ro\/wp-content\/uploads\/2020\/03\/logo-express-shuttle.png\",\"contentUrl\":\"https:\/\/express-shuttle.ro\/wp-content\/uploads\/2020\/03\/logo-express-shuttle.png\",\"width\":129,\"height\":56,\"caption\":\"Express Shuttle\"},\"image\":{\"@id\":\"https:\/\/express-shuttle.ro\/en\/#\/schema\/logo\/image\/\"}}]}<\/script>\n<!-- \/ Yoast SEO plugin. -->","yoast_head_json":{"title":"Terms of use - Express Shuttle Romania","robots":{"index":"index","follow":"follow","max-snippet":"max-snippet:-1","max-image-preview":"max-image-preview:large","max-video-preview":"max-video-preview:-1"},"canonical":"https:\/\/express-shuttle.ro\/en\/terms-of-use\/","og_locale":"en_US","og_type":"article","og_title":"Terms of use - Express Shuttle Romania","og_url":"https:\/\/express-shuttle.ro\/en\/terms-of-use\/","og_site_name":"Express Shuttle Romania","article_modified_time":"2025-03-15T07:03:35+00:00","twitter_card":"summary_large_image","twitter_misc":{"Est. reading time":"7 minutes"},"schema":{"@context":"https:\/\/schema.org","@graph":[{"@type":"WebPage","@id":"https:\/\/express-shuttle.ro\/en\/terms-of-use\/","url":"https:\/\/express-shuttle.ro\/en\/terms-of-use\/","name":"Terms of use - Express Shuttle Romania","isPartOf":{"@id":"https:\/\/express-shuttle.ro\/en\/#website"},"datePublished":"2020-02-29T11:40:59+00:00","dateModified":"2025-03-15T07:03:35+00:00","breadcrumb":{"@id":"https:\/\/express-shuttle.ro\/en\/terms-of-use\/#breadcrumb"},"inLanguage":"en-US","potentialAction":[{"@type":"ReadAction","target":["https:\/\/express-shuttle.ro\/en\/terms-of-use\/"]}]},{"@type":"BreadcrumbList","@id":"https:\/\/express-shuttle.ro\/en\/terms-of-use\/#breadcrumb","itemListElement":[{"@type":"ListItem","position":1,"name":"Home","item":"https:\/\/express-shuttle.ro\/en\/"},{"@type":"ListItem","position":2,"name":"Terms of use"}]},{"@type":"WebSite","@id":"https:\/\/express-shuttle.ro\/en\/#website","url":"https:\/\/express-shuttle.ro\/en\/","name":"Express Shuttle","description":"Luxury car rental with driver","publisher":{"@id":"https:\/\/express-shuttle.ro\/en\/#organization"},"potentialAction":[{"@type":"SearchAction","target":{"@type":"EntryPoint","urlTemplate":"https:\/\/express-shuttle.ro\/en\/?s={search_term_string}"},"query-input":{"@type":"PropertyValueSpecification","valueRequired":true,"valueName":"search_term_string"}}],"inLanguage":"en-US"},{"@type":"Organization","@id":"https:\/\/express-shuttle.ro\/en\/#organization","name":"Express Shuttle","url":"https:\/\/express-shuttle.ro\/en\/","logo":{"@type":"ImageObject","inLanguage":"en-US","@id":"https:\/\/express-shuttle.ro\/en\/#\/schema\/logo\/image\/","url":"https:\/\/express-shuttle.ro\/wp-content\/uploads\/2020\/03\/logo-express-shuttle.png","contentUrl":"https:\/\/express-shuttle.ro\/wp-content\/uploads\/2020\/03\/logo-express-shuttle.png","width":129,"height":56,"caption":"Express Shuttle"},"image":{"@id":"https:\/\/express-shuttle.ro\/en\/#\/schema\/logo\/image\/"}}]}},"_links":{"self":[{"href":"https:\/\/express-shuttle.ro\/en\/wp-json\/wp\/v2\/pages\/484","targetHints":{"allow":["GET"]}}],"collection":[{"href":"https:\/\/express-shuttle.ro\/en\/wp-json\/wp\/v2\/pages"}],"about":[{"href":"https:\/\/express-shuttle.ro\/en\/wp-json\/wp\/v2\/types\/page"}],"author":[{"embeddable":true,"href":"https:\/\/express-shuttle.ro\/en\/wp-json\/wp\/v2\/users\/1"}],"replies":[{"embeddable":true,"href":"https:\/\/express-shuttle.ro\/en\/wp-json\/wp\/v2\/comments?post=484"}],"version-history":[{"count":1,"href":"https:\/\/express-shuttle.ro\/en\/wp-json\/wp\/v2\/pages\/484\/revisions"}],"predecessor-version":[{"id":548,"href":"https:\/\/express-shuttle.ro\/en\/wp-json\/wp\/v2\/pages\/484\/revisions\/548"}],"wp:attachment":[{"href":"https:\/\/express-shuttle.ro\/en\/wp-json\/wp\/v2\/media?parent=484"}],"curies":[{"name":"wp","href":"https:\/\/api.w.org\/{rel}","templated":true}]}}